{"id":20,"date":"2019-03-18T09:31:34","date_gmt":"2019-03-18T08:31:34","guid":{"rendered":"http:\/\/ptn.elk.pl\/?page_id=20"},"modified":"2021-12-28T12:24:58","modified_gmt":"2021-12-28T11:24:58","slug":"o-nas","status":"publish","type":"page","link":"https:\/\/ptn.elk.pl\/","title":{"rendered":"O nas"},"content":{"rendered":"\n<div class=\"is-layout-flex wp-container-3 wp-block-columns has-2-columns\">\n<div class=\"is-layout-flow wp-block-column\">\n\t\t<!-- MasterSlider -->\n\t\t<div id=\"P_MS69e09e80d67c1\" class=\"master-slider-parent msl ms-parent-id-1\" style=\"max-width:620px;\"  >\n\n\t\t\t\n\t\t\t<!-- MasterSlider Main -->\n\t\t\t<div id=\"MS69e09e80d67c1\" class=\"master-slider ms-skin-default\" >\n\t\t\t\t \t\t\t\t \n\t\t\t\t<div  class=\"ms-slide\" data-delay=\"3\" data-fill-mode=\"fill\"  >\n\t\t\t\t\t<img src=\"https:\/\/ptn.elk.pl\/wp-content\/plugins\/master-slider\/public\/assets\/css\/blank.gif\" alt=\"\" title=\"\" data-src=\"https:\/\/ptn.elk.pl\/wp-content\/uploads\/2019\/03\/foto20.jpg\" \/>\n\n\n\t<div class=\"ms-thumb\" ><div class=\"ms-tab-context\"><div class=&quot;ms-tab-context&quot;><\/div><\/div>\n<\/div>\n\t\t\t\t<\/div>\n\t\t\t\t<div  class=\"ms-slide\" data-delay=\"3\" data-fill-mode=\"fill\"  >\n\t\t\t\t\t<img src=\"https:\/\/ptn.elk.pl\/wp-content\/plugins\/master-slider\/public\/assets\/css\/blank.gif\" alt=\"\" title=\"\" data-src=\"https:\/\/ptn.elk.pl\/wp-content\/uploads\/2019\/04\/m30.jpg\" \/>\n\n\n\t<div class=\"ms-thumb\" ><div class=\"ms-tab-context\"><div class=&quot;ms-tab-context&quot;><\/div><\/div>\n<\/div>\n\t\t\t\t<\/div>\n\t\t\t\t<div  class=\"ms-slide\" data-delay=\"3\" data-fill-mode=\"fill\"  >\n\t\t\t\t\t<img src=\"https:\/\/ptn.elk.pl\/wp-content\/plugins\/master-slider\/public\/assets\/css\/blank.gif\" alt=\"\" title=\"\" data-src=\"https:\/\/ptn.elk.pl\/wp-content\/uploads\/2019\/03\/foto2.jpg\" \/>\n\n\n\t<div class=\"ms-thumb\" ><div class=\"ms-tab-context\"><div class=&quot;ms-tab-context&quot;><\/div><\/div>\n<\/div>\n\t\t\t\t<\/div>\n\t\t\t\t<div  class=\"ms-slide\" data-delay=\"3\" data-fill-mode=\"fill\"  >\n\t\t\t\t\t<img src=\"https:\/\/ptn.elk.pl\/wp-content\/plugins\/master-slider\/public\/assets\/css\/blank.gif\" alt=\"\" title=\"\" data-src=\"https:\/\/ptn.elk.pl\/wp-content\/uploads\/2019\/04\/m32.jpg\" \/>\n\n\n\t<div class=\"ms-thumb\" ><div class=\"ms-tab-context\"><div class=&quot;ms-tab-context&quot;><\/div><\/div>\n<\/div>\n\t\t\t\t<\/div>\n\t\t\t\t<div  class=\"ms-slide\" data-delay=\"3\" data-fill-mode=\"fill\"  >\n\t\t\t\t\t<img src=\"https:\/\/ptn.elk.pl\/wp-content\/plugins\/master-slider\/public\/assets\/css\/blank.gif\" alt=\"\" title=\"\" data-src=\"https:\/\/ptn.elk.pl\/wp-content\/uploads\/2019\/03\/suwalki29.jpg\" \/>\n\n\n\t<div class=\"ms-thumb\" ><div class=\"ms-tab-context\"><div class=&quot;ms-tab-context&quot;><\/div><\/div>\n<\/div>\n\t\t\t\t<\/div>\n\t\t\t\t<div  class=\"ms-slide\" data-delay=\"3\" data-fill-mode=\"fill\"  >\n\t\t\t\t\t<img src=\"https:\/\/ptn.elk.pl\/wp-content\/plugins\/master-slider\/public\/assets\/css\/blank.gif\" alt=\"\" title=\"\" data-src=\"https:\/\/ptn.elk.pl\/wp-content\/uploads\/2019\/04\/m28.jpg\" \/>\n\n\n\t<div class=\"ms-thumb\" ><div class=\"ms-tab-context\"><div class=&quot;ms-tab-context&quot;><\/div><\/div>\n<\/div>\n\t\t\t\t<\/div>\n\t\t\t\t<div  class=\"ms-slide\" data-delay=\"3\" data-fill-mode=\"fill\"  >\n\t\t\t\t\t<img src=\"https:\/\/ptn.elk.pl\/wp-content\/plugins\/master-slider\/public\/assets\/css\/blank.gif\" alt=\"\" title=\"\" data-src=\"https:\/\/ptn.elk.pl\/wp-content\/uploads\/2019\/03\/umowa2.jpg\" \/>\n\n\n\t<div class=\"ms-thumb\" ><div class=\"ms-tab-context\"><div class=&quot;ms-tab-context&quot;><\/div><\/div>\n<\/div>\n\t\t\t\t<\/div>\n\t\t\t\t<div  class=\"ms-slide\" data-delay=\"3\" data-fill-mode=\"fill\"  >\n\t\t\t\t\t<img src=\"https:\/\/ptn.elk.pl\/wp-content\/plugins\/master-slider\/public\/assets\/css\/blank.gif\" alt=\"\" title=\"\" data-src=\"https:\/\/ptn.elk.pl\/wp-content\/uploads\/2019\/04\/m19.jpg\" \/>\n\n\n\t<div class=\"ms-thumb\" ><div class=\"ms-tab-context\"><div class=&quot;ms-tab-context&quot;><\/div><\/div>\n<\/div>\n\t\t\t\t<\/div>\n\t\t\t\t<div  class=\"ms-slide\" data-delay=\"3\" data-fill-mode=\"fill\"  >\n\t\t\t\t\t<img src=\"https:\/\/ptn.elk.pl\/wp-content\/plugins\/master-slider\/public\/assets\/css\/blank.gif\" alt=\"\" title=\"\" data-src=\"https:\/\/ptn.elk.pl\/wp-content\/uploads\/2019\/03\/sobota35.jpg\" \/>\n\n\n\t<div class=\"ms-thumb\" ><div class=\"ms-tab-context\"><div class=&quot;ms-tab-context&quot;><\/div><\/div>\n<\/div>\n\t\t\t\t<\/div>\n\t\t\t\t<div  class=\"ms-slide\" data-delay=\"3\" data-fill-mode=\"fill\"  >\n\t\t\t\t\t<img src=\"https:\/\/ptn.elk.pl\/wp-content\/plugins\/master-slider\/public\/assets\/css\/blank.gif\" alt=\"\" title=\"\" data-src=\"https:\/\/ptn.elk.pl\/wp-content\/uploads\/2019\/04\/m13.jpg\" \/>\n\n\n\t<div class=\"ms-thumb\" ><div class=\"ms-tab-context\"><div class=&quot;ms-tab-context&quot;><\/div><\/div>\n<\/div>\n\t\t\t\t<\/div>\n\t\t\t\t<div  class=\"ms-slide\" data-delay=\"3\" data-fill-mode=\"fill\"  >\n\t\t\t\t\t<img src=\"https:\/\/ptn.elk.pl\/wp-content\/plugins\/master-slider\/public\/assets\/css\/blank.gif\" alt=\"\" title=\"\" data-src=\"https:\/\/ptn.elk.pl\/wp-content\/uploads\/2019\/03\/sobota30.jpg\" \/>\n\n\n\t<div class=\"ms-thumb\" ><div class=\"ms-tab-context\"><div class=&quot;ms-tab-context&quot;><\/div><\/div>\n<\/div>\n\t\t\t\t<\/div>\n\t\t\t\t<div  class=\"ms-slide\" data-delay=\"3\" data-fill-mode=\"fill\"  >\n\t\t\t\t\t<img src=\"https:\/\/ptn.elk.pl\/wp-content\/plugins\/master-slider\/public\/assets\/css\/blank.gif\" alt=\"\" title=\"\" data-src=\"https:\/\/ptn.elk.pl\/wp-content\/uploads\/2019\/04\/m16.jpg\" \/>\n\n\n\t<div class=\"ms-thumb\" ><div class=\"ms-tab-context\"><div class=&quot;ms-tab-context&quot;><\/div><\/div>\n<\/div>\n\t\t\t\t<\/div>\n\t\t\t\t<div  class=\"ms-slide\" data-delay=\"3\" data-fill-mode=\"fill\"  >\n\t\t\t\t\t<img src=\"https:\/\/ptn.elk.pl\/wp-content\/plugins\/master-slider\/public\/assets\/css\/blank.gif\" alt=\"\" title=\"\" data-src=\"https:\/\/ptn.elk.pl\/wp-content\/uploads\/2019\/03\/sobota25.jpg\" \/>\n\n\n\t<div class=\"ms-thumb\" ><div class=\"ms-tab-context\"><div class=&quot;ms-tab-context&quot;><\/div><\/div>\n<\/div>\n\t\t\t\t<\/div>\n\t\t\t\t<div  class=\"ms-slide\" data-delay=\"3\" data-fill-mode=\"fill\"  >\n\t\t\t\t\t<img src=\"https:\/\/ptn.elk.pl\/wp-content\/plugins\/master-slider\/public\/assets\/css\/blank.gif\" alt=\"\" title=\"\" data-src=\"https:\/\/ptn.elk.pl\/wp-content\/uploads\/2019\/04\/m26.jpg\" \/>\n\n\n\t<div class=\"ms-thumb\" ><div class=\"ms-tab-context\"><div class=&quot;ms-tab-context&quot;><\/div><\/div>\n<\/div>\n\t\t\t\t<\/div>\n\t\t\t\t<div  class=\"ms-slide\" data-delay=\"3\" data-fill-mode=\"fill\"  >\n\t\t\t\t\t<img src=\"https:\/\/ptn.elk.pl\/wp-content\/plugins\/master-slider\/public\/assets\/css\/blank.gif\" alt=\"\" title=\"\" data-src=\"https:\/\/ptn.elk.pl\/wp-content\/uploads\/2019\/03\/sobota28.jpg\" \/>\n\n\n\t<div class=\"ms-thumb\" ><div class=\"ms-tab-context\"><div class=&quot;ms-tab-context&quot;><\/div><\/div>\n<\/div>\n\t\t\t\t<\/div>\n\t\t\t\t<div  class=\"ms-slide\" data-delay=\"3\" data-fill-mode=\"fill\"  >\n\t\t\t\t\t<img src=\"https:\/\/ptn.elk.pl\/wp-content\/plugins\/master-slider\/public\/assets\/css\/blank.gif\" alt=\"\" title=\"\" data-src=\"https:\/\/ptn.elk.pl\/wp-content\/uploads\/2019\/04\/m15.jpg\" \/>\n\n\n\t<div class=\"ms-thumb\" ><div class=\"ms-tab-context\"><div class=&quot;ms-tab-context&quot;><\/div><\/div>\n<\/div>\n\t\t\t\t<\/div>\n\t\t\t\t<div  class=\"ms-slide\" data-delay=\"3\" data-fill-mode=\"fill\"  >\n\t\t\t\t\t<img src=\"https:\/\/ptn.elk.pl\/wp-content\/plugins\/master-slider\/public\/assets\/css\/blank.gif\" alt=\"\" title=\"\" data-src=\"https:\/\/ptn.elk.pl\/wp-content\/uploads\/2019\/03\/sobota18.jpg\" \/>\n\n\n\t<div class=\"ms-thumb\" ><div class=\"ms-tab-context\"><div class=&quot;ms-tab-context&quot;><\/div><\/div>\n<\/div>\n\t\t\t\t<\/div>\n\t\t\t\t<div  class=\"ms-slide\" data-delay=\"3\" data-fill-mode=\"fill\"  >\n\t\t\t\t\t<img src=\"https:\/\/ptn.elk.pl\/wp-content\/plugins\/master-slider\/public\/assets\/css\/blank.gif\" alt=\"\" title=\"\" data-src=\"https:\/\/ptn.elk.pl\/wp-content\/uploads\/2019\/04\/m6.jpg\" \/>\n\n\n\t<div class=\"ms-thumb\" ><div class=\"ms-tab-context\"><div class=&quot;ms-tab-context&quot;><\/div><\/div>\n<\/div>\n\t\t\t\t<\/div>\n\n\t\t\t<\/div>\n\t\t\t<!-- END MasterSlider Main -->\n\n\t\t\t \n\t\t<\/div>\n\t\t<!-- END MasterSlider -->\n\n\t\t<script>\n\t\t(function ( $ ) {\n\t\t\t\"use strict\";\n\n\t\t\t$(function () {\n\t\t\t\tvar masterslider_67c1 = new MasterSlider();\n\n\t\t\t\t\/\/ slider controls\n\n\t\t\t\t\/\/ slider setup\n\t\t\t\tmasterslider_67c1.setup(\"MS69e09e80d67c1\", {\n\t\t\t\t\t\twidth           : 600,\n\t\t\t\t\t\theight          : 350,\n\t\t\t\t\t\tminHeight       : 0,\n\t\t\t\t\t\tspace           : 0,\n\t\t\t\t\t\tstart           : 1,\n\t\t\t\t\t\tgrabCursor      : true,\n\t\t\t\t\t\tswipe           : true,\n\t\t\t\t\t\tmouse           : true,\n\t\t\t\t\t\tlayout          : \"boxed\",\n\t\t\t\t\t\twheel           : false,\n\t\t\t\t\t\tautoplay        : true,\n\t\t\t\t\t\tinstantStartLayers:false,\n\t\t\t\t\t\tloop            : true,\n\t\t\t\t\t\tshuffle         : false,\n\t\t\t\t\t\tpreload         : 0,\n\t\t\t\t\t\theightLimit     : true,\n\t\t\t\t\t\tautoHeight      : false,\n\t\t\t\t\t\tsmoothHeight    : true,\n\t\t\t\t\t\tendPause        : false,\n\t\t\t\t\t\toverPause       : true,\n\t\t\t\t\t\tfillMode        : \"fill\",\n\t\t\t\t\t\tcenterControls  : true,\n\t\t\t\t\t\tstartOnAppear   : false,\n\t\t\t\t\t\tlayersMode      : \"center\",\n\t\t\t\t\t\thideLayers      : false,\n\t\t\t\t\t\tfullscreenMargin: 0,\n\t\t\t\t\t\tspeed           : 20,\n\t\t\t\t\t\tdir             : \"h\",\n\t\t\t\t\t\tparallaxMode    : 'swipe',\n\t\t\t\t\t\tview            : \"basic\"\n\t\t\t\t});\n\n\t\t\t\t\n\t\t\t\twindow.masterslider_instances = window.masterslider_instances || [];\n\t\t\t\twindow.masterslider_instances.push( masterslider_67c1 );\n\t\t\t });\n\n\t\t})(jQuery);\n\t\t<\/script>\n\n\n<\/div>\n\n\n\n<div class=\"is-layout-flow wp-block-column\">\n<p>Polskie\nTowarzystwo Numizmatyczne wywodzi si\u0119 z przedwojennych zorganizowanych\ntowarzystw numizmatycznych dzia\u0142aj\u0105cych w Krakowie, Warszawie, Poznaniu, Lwowie\ni Bydgoszczy.\n\nPodczas zjazdu\npo\u0142\u0105czeniowego wroc\u0142awskiego PTA, pozna\u0144skiego PTP, krakowskiego PTN i\nWarszawskiego TN, kt\u00f3ry odby\u0142 si\u0119 pod patronatem PAN w Nowej Hucie 14-15\nczerwca 1953 roku powsta\u0142o Polskie Towarzystwo Archeologiczne .W ramach PTA\ndzia\u0142a\u0142a Sekcja Numizmatyczna. Bardzo pr\u0119\u017cnie zacz\u0119\u0142y dzia\u0142a\u0107 o\u015brodki terenowe\n: oddzia\u0142y i ko\u0142a PTA, wydaj\u0105c biuletyny, organizuj\u0105c wystawy itp. W 1971 PTA\nprzemianowa\u0142o si\u0119 na Polskie Towarzystwo Archeologiczne i Numizmatyczne\n\n\n\n<\/p>\n<\/div>\n<\/div>\n\n\n\n<p><img decoding=\"async\" class=\"wp-image-577\" style=\"width: 345px; height:523px; float:right; padding: 5px 0px 10px 15px;\" src=\"http:\/\/ptn.elk.pl\/wp-content\/uploads\/2019\/04\/onas6_komorowski.jpg\" alt=\"o nas\">\nCoraz wi\u0119ksze grono cz\u0142onk\u00f3w Towarzystwa bra\u0142o udzia\u0142 w dzia\u0142alno\u015bci organizacyjnej\ni&nbsp;popularyzatorskiej, realizowanej w&nbsp;formie kilkuset wystaw oraz\nprelekcji rocznie, rozwini\u0119tej akcji wydawniczej katalog\u00f3w i&nbsp;lokalnych\nperiodyk\u00f3w numizmatycznych, emisji licznych medali pami\u0105tkowych (np.\nw&nbsp;seriach: w\u0142adcy Polski, s\u0142ynne bitwy i&nbsp;powstania narodowe,\nnumizmatycy polscy, itd.); by\u0142o organizatorem konferencji numizmatycznych i\narcheologicznych. W&nbsp;&nbsp;1987 liczy\u0142o ponad 6600 cz\u0142onk\u00f3w i ok. 700\nkandydat\u00f3w skupionych w&nbsp;98 jednostkach organizacyjnych. Polskie\nTowarzystwo Numizmatyczne reaktywowane zosta\u0142o&nbsp;\nw&nbsp;1991 na Walnym Zje\u017adzie w&nbsp;Le\u017cajsku na skutek zmiany nazwy\nPTAiN po wyst\u0105pieniu wi\u0119kszo\u015bci archeolog\u00f3w. Kontynuuje dzia\u0142alno\u015b\u0107 naukow\u0105 i\npopularnonaukow\u0105. Jest cz\u0142onkiem Mi\u0119dzynarodowej Komisji Numizmatycznej.<\/p>\n\n\n\n<p>Ko\u0142o PTAiN w E\u0142ku powsta\u0142o w 1981 roku podlegaj\u0105c pod Oddzia\u0142 w Bia\u0142ymstoku. Razem z ko\u0142ami w Augustowie i Piszu\u00a0 zasili\u0142o w 1986 roku nowo powsta\u0142y\u00a0 Oddzia\u0142\u00a0 w Suwa\u0142kach. Obecnie pracami Oddzia\u0142u \u00a0PTN w Suwa\u0142kach kieruje Zarz\u0105d Oddzia\u0142u pod przewodnictwem kol. \u00a0Stanis\u0142awa \u0141obacza.. E\u0142ckie ko\u0142o obecnie sk\u0142ada si\u0119 z\u00a0 11 cz\u0142onk\u00f3w. S\u0105 to numizmatycy z terenu E\u0142ku, Kowal Oleckich i Olecka. Oddzia\u0142 w Suwa\u0142kach liczy ok. 30 cz\u0142onk\u00f3w. Ko\u0142o wsp\u00f3\u0142pracuje z kilkoma stowarzyszeniami pozarz\u0105dowymi. Przyk\u0142adem wzorcowej wsp\u00f3\u0142pracy mo\u017ce by\u0107 wsp\u00f3\u0142praca z Oleckim Stowarzyszeniem Aktywnych \u201eZAMEK\u201d. Rozwija si\u0119 r\u00f3wnie\u017c wsp\u00f3\u0142praca z Muzeum Okr\u0119gowym w Suwa\u0142kach, Muzeum Historycznym w E\u0142ku, Oleck\u0105 Izb\u0105 Historyczn\u0105, Gminnym Centrum Kultury w Kowalach Oleckich, Regionalnym Centrum Kultury \u201eMazury Garbate\u201d w Olecku\u00a0 i innymi\u00a0 o\u015brodkami kulturalnymi w Suwa\u0142kach, E\u0142ku, Go\u0142dapi , Prostkach itd. Dorobek wystawienniczy jest bardzo bogaty. Wystawy \u201eZ\u0142oto Bizancjum\u201d, \u201eTo nie Fenicjanie wynale\u017ali pieni\u0105dz\u201d, \u201eSport na znaczkach i monetach polskich\u201d, \u201ePieni\u0105dz na ziemi oleckiej\u201d czy \u201e4000 lat mennictwa chi\u0144skiego\u201d,<img decoding=\"async\" loading=\"lazy\" width=\"445\" height=\"260\" class=\"wp-image-577\" style=\"width: 445px; height:260px; float:left; padding: 20px 15px 10px 0px; margin-right:10px;\" src=\"http:\/\/ptn.elk.pl\/wp-content\/uploads\/2019\/04\/onas2.jpg\" alt=\"o nas\"> &#8222;Monety zakonu krzy\u017cackiego i pa\u0144stwa pruskiego&#8221; \u00a0odbi\u0142y si\u0119 szerokim echem w kraju jak r\u00f3wnie\u017c za granic\u0105. Dnia 26.03.2019 r zosta\u0142a podpisana umowa o wsp\u00f3\u0142pracy z Muzeum Historycznym w E\u0142ku. 02.10.2021 odby\u0142a si\u0119 uroczysto\u015b\u0107 upami\u0119tniaj\u0105ca 40 lecie istnienia Ko\u0142a. Uroczysto\u015b\u0107 by\u0142a po\u0142\u0105czona z wernisa\u017cem wystawy &#8222;Bizancjum i jego monety&#8221;. Specjalnie na t\u0105 uroczysto\u015b\u0107 zosta\u0142 przygotowany medal, banknot z nadrukiem, karta pocztowa, znaczek personalizowany, datownik i wiele innych pami\u0105tek.<\/p>\n\n\n\n<p> Cz\u0142onkowie ko\u0142a s\u0105 bardzo aktywni, rozwijaj\u0105 swoje pasje kolekcjonerskie, organizuj\u0105 wystawy, odczyty, prelekcje, spotkania, pokazy itp. Du\u017co uwagi po\u015bwi\u0119caj\u0105 na prac\u0119 z dzie\u0107mi i m\u0142odzie\u017c\u0105. Jeden z cz\u0142onk\u00f3w naszego ko\u0142a, kol. Zdzis\u0142aw Bere\u015bniewicz zosta\u0142 uhonorowany tytu\u0142em Hetmana Kolekcjoner\u00f3w Polskich. Wielu cz\u0142onk\u00f3w Ko\u0142a za swoj\u0105 dzia\u0142alno\u015b\u0107 zosta\u0142a wyr\u00f3\u017cniona odznaczeniami pa\u0144stwowymi, resortowymi oraz wyr\u00f3\u017cnieniami PTN. Trzech cz\u0142onk\u00f3w zosta\u0142o wyr\u00f3znionych medalem Zas\u0142u\u017cony dla Numizmatyki: Marek Nowicki, Zdzis\u0142aw Bere\u015bniewicz oraz Marek Buze.  Pracami Ko\u0142a kierowali prezesi Stanis\u0142aw \u0141obacz, Maciej Pawe\u0142ek oraz obecnie Marek Nowicki.<\/p>\n\n\n\n<p style=\"text-align:center\">\n\nStruktur\u0119 organizacyjn\u0105 mo\u017cna znale\u017a\u0107 na stronie internetowej Zarz\u0105du G\u0142\u00f3wnego PTN \u2013 <a href=\"http:\/\/www.ptn.pl\/\">www.ptn.pl<\/a>.\n\n<\/p>\n\n\n\n<p style=\"text-align:center\">\n\nZebrania cz\u0142onk\u00f3w ko\u0142a odbywaj\u0105 si\u0119 w Muzeum Historycznym w E\u0142ku, ul. W\u0105ski Tor 1 w ka\u017cd\u0105 drug\u0105 \u015brod\u0119 miesi\u0105ca.\n\n<\/p>\n\n\n\n<p><\/p>\n\n\n\n<p><\/p>\n\n\n\n<h3 style=\"text-align:center\"><strong>Numizmatyka to nasza pasja<\/strong><\/h3>\n\n\n\n<h3 style=\"text-align:center\"><strong>ZAPRASZAMY<\/strong><\/h3>\n\n\n\n<p><\/p>\n","protected":false},"excerpt":{"rendered":"<p>Polskie Towarzystwo Numizmatyczne wywodzi si\u0119 z przedwojennych zorganizowanych towarzystw numizmatycznych dzia\u0142aj\u0105cych w Krakowie, Warszawie, Poznaniu, Lwowie i Bydgoszczy. Podczas zjazdu po\u0142\u0105czeniowego wroc\u0142awskiego PTA, pozna\u0144skiego PTP, krakowskiego PTN i Warszawskiego TN, kt\u00f3ry odby\u0142 si\u0119 pod patronatem PAN w Nowej Hucie 14-15 czerwca 1953 roku powsta\u0142o Polskie Towarzystwo Archeologiczne .W ramach PTA dzia\u0142a\u0142a Sekcja Numizmatyczna. Bardzo pr\u0119\u017cnie &#8230; <a title=\"O nas\" class=\"read-more\" href=\"https:\/\/ptn.elk.pl\/\">Czytaj dalej<span class=\"screen-reader-text\">O nas<\/span><\/a><\/p>\n","protected":false},"author":1,"featured_media":0,"parent":0,"menu_order":0,"comment_status":"closed","ping_status":"closed","template":"","meta":[],"_links":{"self":[{"href":"https:\/\/ptn.elk.pl\/index.php\/wp-json\/wp\/v2\/pages\/20"}],"collection":[{"href":"https:\/\/ptn.elk.pl\/index.php\/wp-json\/wp\/v2\/pages"}],"about":[{"href":"https:\/\/ptn.elk.pl\/index.php\/wp-json\/wp\/v2\/types\/page"}],"author":[{"embeddable":true,"href":"https:\/\/ptn.elk.pl\/index.php\/wp-json\/wp\/v2\/users\/1"}],"replies":[{"embeddable":true,"href":"https:\/\/ptn.elk.pl\/index.php\/wp-json\/wp\/v2\/comments?post=20"}],"version-history":[{"count":70,"href":"https:\/\/ptn.elk.pl\/index.php\/wp-json\/wp\/v2\/pages\/20\/revisions"}],"predecessor-version":[{"id":2522,"href":"https:\/\/ptn.elk.pl\/index.php\/wp-json\/wp\/v2\/pages\/20\/revisions\/2522"}],"wp:attachment":[{"href":"https:\/\/ptn.elk.pl\/index.php\/wp-json\/wp\/v2\/media?parent=20"}],"curies":[{"name":"wp","href":"https:\/\/api.w.org\/{rel}","templated":true}]}}